{"id":14334,"date":"2026-03-16T09:15:29","date_gmt":"2026-03-16T09:15:29","guid":{"rendered":"https:\/\/www.tireetrust.org.uk\/?page_id=14334"},"modified":"2026-03-17T14:46:58","modified_gmt":"2026-03-17T14:46:58","slug":"kilkenneth-chapel","status":"publish","type":"page","link":"https:\/\/www.tireetrust.org.uk\/gd\/archaeology-walks\/kilkenneth-chapel\/","title":{"rendered":"Kilkenneth Chapel &#8211; Cill Choinnich, Tr\u00e0igh Thodhrasdail, and D\u00f9n Hanais"},"content":{"rendered":"<div class=\"wp-block-media-text is-stacked-on-mobile eplus-wrapper\"><figure class=\"wp-block-media-text__media\"><img loading=\"lazy\" decoding=\"async\" width=\"540\" height=\"304\" src=\"https:\/\/www.tireetrust.org.uk\/wp-content\/uploads\/2026\/03\/Kilkenneth-Chapel-4.jpg\" alt=\"\" class=\"wp-image-14347 size-full\" srcset=\"https:\/\/www.tireetrust.org.uk\/wp-content\/uploads\/2026\/03\/Kilkenneth-Chapel-4.jpg 540w, https:\/\/www.tireetrust.org.uk\/wp-content\/uploads\/2026\/03\/Kilkenneth-Chapel-4-300x169.jpg 300w, https:\/\/www.tireetrust.org.uk\/wp-content\/uploads\/2026\/03\/Kilkenneth-Chapel-4-18x10.jpg 18w, https:\/\/www.tireetrust.org.uk\/wp-content\/uploads\/2026\/03\/Kilkenneth-Chapel-4-50x28.jpg 50w\" sizes=\"auto, (max-width: 540px) 100vw, 540px\" \/><\/figure><div class=\"wp-block-media-text__content\">\n<h2 class=\"wp-block-heading eplus-wrapper\">KILKENNETH CHAPEL &#8211; CILL CHOINNICH, TR\u00c0IGH THODHRASDAIL, AND D\u00d9N HANAIS<\/h2>\n\n\n\n<p class=\"eplus-wrapper\"><strong>SCENIC BEACH WALK FROM KILKENNETH CHAPEL TO TR\u00c0IGH THODHRASDAIL AND D\u00d9N HANAIS<\/strong><\/p>\n<\/div><\/div>\n\n\n\n<p class=\"eplus-wrapper\">This\u202fscenic west coast walk<strong>\u202f<\/strong>takes you to the medieval ruins of\u202fKilkenneth&nbsp;Chapel,&nbsp;Tr\u00e0igh&nbsp;Thodhrasdail, &nbsp;and&nbsp;D\u00f9n&nbsp;Hanais. Dedicated to\u202fSt Kenneth, a 6th-century&nbsp;companion&nbsp;of St&nbsp;Columba, the current stone chapel&nbsp;likely dates&nbsp;to the\u202f14th century. Over the&nbsp;centuries&nbsp;drifting sand has partially buried the&nbsp;walls.&nbsp;The route&nbsp;continues along the\u202fbeautiful white sands\u202fof Traigh&nbsp;Thodhrasdail&nbsp;with&nbsp;stunning views down to<strong>\u202f<\/strong>Kenavara&nbsp;(Ceann a\u2019 Mhara).&nbsp;Reaching&nbsp;the northern end of the beach&nbsp;we&nbsp;find\u202fD\u00f9n&nbsp;Hanais. This Iron Age fort (c. 600 BC \u2013 400 AD) sits on a\u202fprime vantage point\u202fand was&nbsp;one of&nbsp;Tiree\u2019s extensive network&nbsp;of duns.&nbsp;<\/p>\n\n\n\n<p class=\"eplus-wrapper\">On&nbsp;the drive home,&nbsp;we can&nbsp;stop at&nbsp;the&nbsp;Hough and Moss&nbsp;stone circles.&nbsp;While many of the stones are partially buried and may look modest individually, together they form a\u202fsignificant prehistoric ritual site\u202fthat marks a sacred landscape from Tiree&#8217;s ancient past.&nbsp;<\/p>\n\n\n\n<p class=\"eplus-wrapper\"><strong>Start and End:<\/strong>&nbsp;Greenhill car park&nbsp;<\/p>\n\n\n\n<p class=\"eplus-wrapper\"><strong>Park and Meet:<\/strong>\u202fGrassy parking area near\u202fGreenhill\u202f&nbsp;<\/p>\n\n\n\n<p class=\"eplus-wrapper\"><strong>Walking&nbsp;Distance:<\/strong>\u202f~6&nbsp;km\u202ffor a full circular loop.&nbsp;&nbsp;2.5&nbsp;hours.&nbsp;<\/p>\n\n\n\n<p class=\"eplus-wrapper\"><strong>Difficulty:<\/strong>\u202fEasy.&nbsp;A&nbsp;short walk over open fields&nbsp;to the Stone Circles, though the ground can be\u202frough and boggy.&nbsp;<\/p>\n\n\n\n<div class=\"wp-block-buttons eplus-wrapper is-content-justification-center is-layout-flex wp-container-core-buttons-is-layout-a89b3969 wp-block-buttons-is-layout-flex\"><div class=\"wp-block-button eplus-wrapper eplus-styles-uid-39f2a1\"><a class=\"wp-block-button__link has-text-align-center wp-element-button\" href=\"https:\/\/www.tireetrust.org.uk\/gd\/archaeology-walks\/\">\u2190 All Archaeology Walks<\/a><\/div><\/div>","protected":false},"excerpt":{"rendered":"<p>KILKENNETH CHAPEL \u2013 CILL CHOINNICH, TR\u00c0IGH THODHRASDAIL, AND D\u00d9N HANAIS SCENIC BEACH WALK FROM KILKENNETH CHAPEL TO TR\u00c0IGH THODHRASDAIL AND D\u00d9N HANAIS This\u202fscenic west coast walk\u202ftakes you to the medieval ruins of\u202fKilkenneth\u00a0Chapel,\u00a0Tr\u00e0igh\u00a0Thodhrasdail, \u00a0and\u00a0D\u00f9n\u00a0Hanais. Dedicated to\u202fSt Kenneth, a 6th-century\u00a0companion\u00a0of St\u00a0Columba, the current stone chapel\u00a0likely dates\u00a0to the\u202f14th century. Over the\u00a0centuries\u00a0drifting sand has partially buried the\u00a0walls.\u00a0The route\u00a0continues along [\u2026]<\/p>","protected":false},"author":15,"featured_media":14461,"parent":14234,"menu_order":0,"comment_status":"closed","ping_status":"closed","template":"","meta":{"_editorskit_title_hidden":false,"_editorskit_reading_time":0,"_editorskit_is_block_options_detached":false,"_editorskit_block_options_position":"{}","editor_plus_copied_stylings":"{}","jetpack_post_was_ever_published":false,"footnotes":""},"class_list":["post-14334","page","type-page","status-publish","has-post-thumbnail","hentry"],"jetpack_shortlink":"https:\/\/wp.me\/PfVRvl-3Jc","jetpack_sharing_enabled":true,"_links":{"self":[{"href":"https:\/\/www.tireetrust.org.uk\/gd\/wp-json\/wp\/v2\/pages\/14334","targetHints":{"allow":["GET"]}}],"collection":[{"href":"https:\/\/www.tireetrust.org.uk\/gd\/wp-json\/wp\/v2\/pages"}],"about":[{"href":"https:\/\/www.tireetrust.org.uk\/gd\/wp-json\/wp\/v2\/types\/page"}],"author":[{"embeddable":true,"href":"https:\/\/www.tireetrust.org.uk\/gd\/wp-json\/wp\/v2\/users\/15"}],"replies":[{"embeddable":true,"href":"https:\/\/www.tireetrust.org.uk\/gd\/wp-json\/wp\/v2\/comments?post=14334"}],"version-history":[{"count":8,"href":"https:\/\/www.tireetrust.org.uk\/gd\/wp-json\/wp\/v2\/pages\/14334\/revisions"}],"predecessor-version":[{"id":14465,"href":"https:\/\/www.tireetrust.org.uk\/gd\/wp-json\/wp\/v2\/pages\/14334\/revisions\/14465"}],"up":[{"embeddable":true,"href":"https:\/\/www.tireetrust.org.uk\/gd\/wp-json\/wp\/v2\/pages\/14234"}],"wp:featuredmedia":[{"embeddable":true,"href":"https:\/\/www.tireetrust.org.uk\/gd\/wp-json\/wp\/v2\/media\/14461"}],"wp:attachment":[{"href":"https:\/\/www.tireetrust.org.uk\/gd\/wp-json\/wp\/v2\/media?parent=14334"}],"curies":[{"name":"wp","href":"https:\/\/api.w.org\/{rel}","templated":true}]}}