{"id":12451,"date":"2024-07-22T15:07:25","date_gmt":"2024-07-22T14:07:25","guid":{"rendered":"https:\/\/www.tireetrust.org.uk\/?page_id=12451"},"modified":"2025-02-17T12:58:55","modified_gmt":"2025-02-17T12:58:55","slug":"crofting","status":"publish","type":"page","link":"https:\/\/www.tireetrust.org.uk\/gd\/crofting\/","title":{"rendered":"Crofting"},"content":{"rendered":"<p class=\"eplus-wrapper\">We have two schemes designed to support Crofters in Tiree! These schemes are open to applications all year round.<\/p>\n\n\n\n<div class=\"wp-block-group has-ti-fg-alt-background-color has-background eplus-wrapper is-layout-flow wp-block-group-is-layout-flow\" style=\"padding-top:var(--wp--preset--spacing--50);padding-right:var(--wp--preset--spacing--50);padding-bottom:var(--wp--preset--spacing--50);padding-left:var(--wp--preset--spacing--50)\">\n<h3 class=\"wp-block-heading eplus-wrapper\">Maoin Taic CAGS<\/h3>\n\n\n\n<p class=\"eplus-wrapper\"><strong>Open for applications<\/strong><\/p>\n\n\n\n<p class=\"eplus-wrapper\">'S e amas na maoine seo cuideachadh a thoirt do chroitearan a tha feumach air taic bho chomhairliche gus cothrom fhaighinn air maoineachadh CAGS.<\/p>\n\n\n\n<p class=\"eplus-wrapper\">P\u00e0ighidh am maoin airson comhairliche ionadail gus cr\u00ecoch a chur air an iarrtas agad airson CAGS. 'S i Morven NicArtair \u00e0 Agricroft an comhairliche a tha sinn air a chur an dreuchd.<\/p>\n\n\n\n<div class=\"wp-block-buttons eplus-wrapper is-layout-flex wp-block-buttons-is-layout-flex\"><div class=\"wp-block-button eplus-wrapper eplus-styles-uid-f9fc03\"><a class=\"wp-block-button__link has-ti-bg-color has-text-color has-link-color has-small-font-size has-custom-font-size wp-element-button\" href=\"https:\/\/www.tireetrust.org.uk\/gd\/crofting\/cags-support-fund\/\">Ionnsaich tuilleadh<\/a><\/div><\/div>\n<\/div>\n\n\n\n<div style=\"height:15px\" aria-hidden=\"true\" class=\"wp-block-spacer eplus-wrapper\"><\/div>\n\n\n\n<div class=\"wp-block-group has-ti-fg-alt-background-color has-background eplus-wrapper is-layout-flow wp-block-group-is-layout-flow\" style=\"padding-top:var(--wp--preset--spacing--50);padding-right:var(--wp--preset--spacing--50);padding-bottom:var(--wp--preset--spacing--50);padding-left:var(--wp--preset--spacing--50)\">\n<h4 class=\"wp-block-heading eplus-wrapper\">Iasad Eadar-amail CAGS<\/h4>\n\n\n\n<p class=\"eplus-wrapper\"><strong>Open for applications<\/strong><\/p>\n\n\n\n<p class=\"eplus-wrapper\">'S e amas na maoine seo a bhith a\u2019 l\u00econadh a\u2019 bhe\u00e0rn eadar aontachadh CAGS agus nuair a th\u00e8id an tabhartas a ph\u00e0igheadh air ais. Leigidh seo le Croitearan aig nach eil airgead ri l\u00e0imh am be\u00e0rn a l\u00econadh eadar p\u00e0igheadh an cunnradair no an solaraiche aca agus faighinn air ais an cuid maoineachaidh bho CAGS.<\/p>\n\n\n\n<div class=\"wp-block-buttons eplus-wrapper is-layout-flex wp-block-buttons-is-layout-flex\"><div class=\"wp-block-button eplus-wrapper eplus-styles-uid-197ac6\"><a class=\"wp-block-button__link has-ti-bg-color has-text-color has-link-color has-small-font-size has-custom-font-size wp-element-button\" href=\"https:\/\/www.tireetrust.org.uk\/gd\/crofting\/cags-bridging-loan\/\">Ionnsaich tuilleadh<\/a><\/div><\/div>\n<\/div>\n\n\n\n<p class=\"eplus-wrapper\">We are also following up on two other areas which Crofters highlighted to us.<\/p>\n\n\n\n<h4 class=\"wp-block-heading eplus-wrapper\">Reducing the Need for Multiple Quotes for Work<\/h4>\n\n\n<ul class=\"wp-block-list eplus-wrapper eplus-styles-uid-51b1e3\">\n<li class=\"eplus-wrapper\"><strong>Update<\/strong>: SGRIPD is planning to introduce standard rates for services like fencing.<\/li>\n\n\n\n<li class=\"eplus-wrapper\"><strong>Action<\/strong>: We will stay informed of these updates and share relevant information with the NFU and TRD.<\/li>\n<\/ul>\n\n\n<h4 class=\"wp-block-heading eplus-wrapper\">Council Ditching<\/h4>\n\n\n<ul class=\"wp-block-list eplus-wrapper eplus-styles-uid-e98d6a\">\n<li class=\"eplus-wrapper\"><strong>Issue<\/strong>: Road ditch cleaning.<\/li>\n\n\n\n<li class=\"eplus-wrapper\"><strong>Action<\/strong>: We will follow up with the Council to understand their policy and advocate for additional ditching.<\/li>\n<\/ul>\n\n\n<p class=\"eplus-wrapper\">For any questions or comments, please contact us at <a>admin@tireetrust.org.uk<\/a>.<\/p>\n\n\n\n<div class=\"eplus-wrapper wp-block-group is-layout-constrained wp-block-group-is-layout-constrained\" style=\"margin-top:var(--wp--preset--spacing--60)\">\n<h3 class=\"eplus-wrapper wp-block-heading alignwide has-text-align-left has-ti-bg-inv-color has-text-color has-link-color wp-elements-214276777fd481870aa257de1e9d4a49\">Naidheachdan as \u00f9ra<\/h3>\n\n\n\n<div class=\"eplus-wrapper wp-block-query alignwide is-layout-flow wp-block-query-is-layout-flow\"><ul class=\"columns-4 wp-block-post-template is-layout-grid wp-container-core-post-template-is-layout-e7fd85f5 wp-block-post-template-is-layout-grid\"><li class=\"wp-block-post post-14137 post type-post status-publish format-standard has-post-thumbnail hentry category-discover-tiree-project category-ranger category-general category-crofting-projects tag-home\">\n\n<div class=\"eplus-wrapper wp-block-group is-layout-constrained wp-container-core-group-is-layout-a151063b wp-block-group-is-layout-constrained\" style=\"border-top-color:var(--wp--preset--color--ti-accent);border-top-width:5px;border-right-style:none;border-right-width:0px;border-bottom-style:none;border-bottom-width:0px;border-left-style:none;border-left-width:0px;padding-top:var(--wp--preset--spacing--50);padding-right:var(--wp--preset--spacing--40);padding-bottom:var(--wp--preset--spacing--50);padding-left:var(--wp--preset--spacing--40)\"><figure style=\"aspect-ratio:1;height:250px;\" class=\"wp-block-post-featured-image\"><a href=\"https:\/\/www.tireetrust.org.uk\/gd\/book-a-croft-camping-site-for-2026\/\" target=\"_self\"  style=\"height:250px\"><img loading=\"lazy\" decoding=\"async\" width=\"1480\" height=\"836\" src=\"https:\/\/www.tireetrust.org.uk\/wp-content\/uploads\/2026\/01\/croftsite-maps.jpg\" class=\"attachment-post-thumbnail size-post-thumbnail wp-post-image\" alt=\"Book a Croft Camping Site for 2026\" style=\"width:100%;height:100%;object-fit:cover;\" srcset=\"https:\/\/www.tireetrust.org.uk\/wp-content\/uploads\/2026\/01\/croftsite-maps.jpg 1480w, https:\/\/www.tireetrust.org.uk\/wp-content\/uploads\/2026\/01\/croftsite-maps-300x169.jpg 300w, https:\/\/www.tireetrust.org.uk\/wp-content\/uploads\/2026\/01\/croftsite-maps-1024x578.jpg 1024w, https:\/\/www.tireetrust.org.uk\/wp-content\/uploads\/2026\/01\/croftsite-maps-768x434.jpg 768w, https:\/\/www.tireetrust.org.uk\/wp-content\/uploads\/2026\/01\/croftsite-maps-18x10.jpg 18w, https:\/\/www.tireetrust.org.uk\/wp-content\/uploads\/2026\/01\/croftsite-maps-50x28.jpg 50w\" sizes=\"auto, (max-width: 1480px) 100vw, 1480px\" \/><\/a><\/figure>\n\n<h3 class=\"wp-block-post-title\"><a href=\"https:\/\/www.tireetrust.org.uk\/gd\/book-a-croft-camping-site-for-2026\/\" target=\"_self\" >Book a Croft Camping Site for 2026<\/a><\/h3>\n\n\n<div class=\"eplus-wrapper wp-block-group is-nowrap is-layout-flex wp-container-core-group-is-layout-6c531013 wp-block-group-is-layout-flex\"><div class=\"wp-block-post-date has-small-font-size\"><time datetime=\"2026-01-14T04:45:00+00:00\">14 Am Faoilleach 2026<\/time><\/div><\/div>\n\n\n<div class=\"has-link-color  wp-elements-d6a5ce6fc3e1a01cbb24b3473c62ef37 wp-block-post-excerpt\"><p class=\"wp-block-post-excerpt__excerpt\">Tiree welcomes campers with cars, campervans, motorhomes and touring caravans. We hope you enjoy your stay. Campers who are walking, cycling or kayaking are free&hellip;<\/p><p class=\"wp-block-post-excerpt__more-text\"><a class=\"wp-block-post-excerpt__more-link\" href=\"https:\/\/www.tireetrust.org.uk\/gd\/book-a-croft-camping-site-for-2026\/\">Leugh tuilleadh -&gt;<\/a><\/p><\/div><\/div>\n\n<\/li><li class=\"wp-block-post post-13417 post type-post status-publish format-standard has-post-thumbnail hentry category-general category-crofting-projects tag-home\">\n\n<div class=\"eplus-wrapper wp-block-group is-layout-constrained wp-container-core-group-is-layout-a151063b wp-block-group-is-layout-constrained\" style=\"border-top-color:var(--wp--preset--color--ti-accent);border-top-width:5px;border-right-style:none;border-right-width:0px;border-bottom-style:none;border-bottom-width:0px;border-left-style:none;border-left-width:0px;padding-top:var(--wp--preset--spacing--50);padding-right:var(--wp--preset--spacing--40);padding-bottom:var(--wp--preset--spacing--50);padding-left:var(--wp--preset--spacing--40)\"><figure style=\"aspect-ratio:1;height:250px;\" class=\"wp-block-post-featured-image\"><a href=\"https:\/\/www.tireetrust.org.uk\/gd\/feb-2025-vet-practice-update\/\" target=\"_self\"  style=\"height:250px\"><img loading=\"lazy\" decoding=\"async\" width=\"2032\" height=\"1143\" src=\"https:\/\/www.tireetrust.org.uk\/wp-content\/uploads\/2024\/11\/PXL_20220617_174655943.jpg\" class=\"attachment-post-thumbnail size-post-thumbnail wp-post-image\" alt=\"Feb 2025: Vet Practice Update\" style=\"width:100%;height:100%;object-fit:cover;\" srcset=\"https:\/\/www.tireetrust.org.uk\/wp-content\/uploads\/2024\/11\/PXL_20220617_174655943.jpg 2032w, https:\/\/www.tireetrust.org.uk\/wp-content\/uploads\/2024\/11\/PXL_20220617_174655943-300x169.jpg 300w, https:\/\/www.tireetrust.org.uk\/wp-content\/uploads\/2024\/11\/PXL_20220617_174655943-1024x576.jpg 1024w, https:\/\/www.tireetrust.org.uk\/wp-content\/uploads\/2024\/11\/PXL_20220617_174655943-768x432.jpg 768w, https:\/\/www.tireetrust.org.uk\/wp-content\/uploads\/2024\/11\/PXL_20220617_174655943-1536x864.jpg 1536w, https:\/\/www.tireetrust.org.uk\/wp-content\/uploads\/2024\/11\/PXL_20220617_174655943-18x10.jpg 18w, https:\/\/www.tireetrust.org.uk\/wp-content\/uploads\/2024\/11\/PXL_20220617_174655943-50x28.jpg 50w, https:\/\/www.tireetrust.org.uk\/wp-content\/uploads\/2024\/11\/PXL_20220617_174655943-1600x900.jpg 1600w\" sizes=\"auto, (max-width: 2032px) 100vw, 2032px\" \/><\/a><\/figure>\n\n<h3 class=\"wp-block-post-title\"><a href=\"https:\/\/www.tireetrust.org.uk\/gd\/feb-2025-vet-practice-update\/\" target=\"_self\" >Feb 2025: Vet Practice Update<\/a><\/h3>\n\n\n<div class=\"eplus-wrapper wp-block-group is-nowrap is-layout-flex wp-container-core-group-is-layout-6c531013 wp-block-group-is-layout-flex\"><div class=\"wp-block-post-date has-small-font-size\"><time datetime=\"2025-02-03T18:02:09+00:00\">3 An Gearran 2025<\/time><\/div><\/div>\n\n\n<div class=\"has-link-color  wp-elements-d6a5ce6fc3e1a01cbb24b3473c62ef37 wp-block-post-excerpt\"><p class=\"wp-block-post-excerpt__excerpt\">We are continuing to work with Coll &#038; Tiree Vets, as well as TRD and the local branch of the NFU to find a new&hellip;<\/p><p class=\"wp-block-post-excerpt__more-text\"><a class=\"wp-block-post-excerpt__more-link\" href=\"https:\/\/www.tireetrust.org.uk\/gd\/feb-2025-vet-practice-update\/\">Leugh tuilleadh -&gt;<\/a><\/p><\/div><\/div>\n\n<\/li><li class=\"wp-block-post post-13367 post type-post status-publish format-standard has-post-thumbnail hentry category-general category-crofting-projects category-ranger tag-home\">\n\n<div class=\"eplus-wrapper wp-block-group is-layout-constrained wp-container-core-group-is-layout-a151063b wp-block-group-is-layout-constrained\" style=\"border-top-color:var(--wp--preset--color--ti-accent);border-top-width:5px;border-right-style:none;border-right-width:0px;border-bottom-style:none;border-bottom-width:0px;border-left-style:none;border-left-width:0px;padding-top:var(--wp--preset--spacing--50);padding-right:var(--wp--preset--spacing--40);padding-bottom:var(--wp--preset--spacing--50);padding-left:var(--wp--preset--spacing--40)\"><figure style=\"aspect-ratio:1;height:250px;\" class=\"wp-block-post-featured-image\"><a href=\"https:\/\/www.tireetrust.org.uk\/gd\/croft-camping-sites-are-now-open-for-2025\/\" target=\"_self\"  style=\"height:250px\"><img loading=\"lazy\" decoding=\"async\" width=\"640\" height=\"480\" src=\"https:\/\/www.tireetrust.org.uk\/wp-content\/uploads\/2025\/01\/Croft_camping_3.jpg\" class=\"attachment-post-thumbnail size-post-thumbnail wp-post-image\" alt=\"Croft Camping Sites are now open for 2025\" style=\"width:100%;height:100%;object-fit:cover;\" srcset=\"https:\/\/www.tireetrust.org.uk\/wp-content\/uploads\/2025\/01\/Croft_camping_3.jpg 640w, https:\/\/www.tireetrust.org.uk\/wp-content\/uploads\/2025\/01\/Croft_camping_3-300x225.jpg 300w, https:\/\/www.tireetrust.org.uk\/wp-content\/uploads\/2025\/01\/Croft_camping_3-16x12.jpg 16w, https:\/\/www.tireetrust.org.uk\/wp-content\/uploads\/2025\/01\/Croft_camping_3-50x38.jpg 50w\" sizes=\"auto, (max-width: 640px) 100vw, 640px\" \/><\/a><\/figure>\n\n<h3 class=\"wp-block-post-title\"><a href=\"https:\/\/www.tireetrust.org.uk\/gd\/croft-camping-sites-are-now-open-for-2025\/\" target=\"_self\" >Croft Camping Sites are now open for 2025<\/a><\/h3>\n\n\n<div class=\"eplus-wrapper wp-block-group is-nowrap is-layout-flex wp-container-core-group-is-layout-6c531013 wp-block-group-is-layout-flex\"><div class=\"wp-block-post-date has-small-font-size\"><time datetime=\"2025-01-14T07:00:00+00:00\">14 Am Faoilleach 2025<\/time><\/div><\/div>\n\n\n<div class=\"has-link-color  wp-elements-d6a5ce6fc3e1a01cbb24b3473c62ef37 wp-block-post-excerpt\"><p class=\"wp-block-post-excerpt__excerpt\">The Croft Camping sites are open for booking from the 14th\u00a0of January for the season starting on the 1st\u00a0of April. You can find a map&hellip;<\/p><p class=\"wp-block-post-excerpt__more-text\"><a class=\"wp-block-post-excerpt__more-link\" href=\"https:\/\/www.tireetrust.org.uk\/gd\/croft-camping-sites-are-now-open-for-2025\/\">Leugh tuilleadh -&gt;<\/a><\/p><\/div><\/div>\n\n<\/li><li class=\"wp-block-post post-13276 post type-post status-publish format-standard has-post-thumbnail hentry category-crofting-projects category-general tag-home\">\n\n<div class=\"eplus-wrapper wp-block-group is-layout-constrained wp-container-core-group-is-layout-a151063b wp-block-group-is-layout-constrained\" style=\"border-top-color:var(--wp--preset--color--ti-accent);border-top-width:5px;border-right-style:none;border-right-width:0px;border-bottom-style:none;border-bottom-width:0px;border-left-style:none;border-left-width:0px;padding-top:var(--wp--preset--spacing--50);padding-right:var(--wp--preset--spacing--40);padding-bottom:var(--wp--preset--spacing--50);padding-left:var(--wp--preset--spacing--40)\"><figure style=\"aspect-ratio:1;height:250px;\" class=\"wp-block-post-featured-image\"><a href=\"https:\/\/www.tireetrust.org.uk\/gd\/tiree-vet-practice-update\/\" target=\"_self\"  style=\"height:250px\"><img loading=\"lazy\" decoding=\"async\" width=\"2032\" height=\"1143\" src=\"https:\/\/www.tireetrust.org.uk\/wp-content\/uploads\/2024\/11\/PXL_20220617_174655943.jpg\" class=\"attachment-post-thumbnail size-post-thumbnail wp-post-image\" alt=\"Nov 24: Vet Practice Update\" style=\"width:100%;height:100%;object-fit:cover;\" srcset=\"https:\/\/www.tireetrust.org.uk\/wp-content\/uploads\/2024\/11\/PXL_20220617_174655943.jpg 2032w, https:\/\/www.tireetrust.org.uk\/wp-content\/uploads\/2024\/11\/PXL_20220617_174655943-300x169.jpg 300w, https:\/\/www.tireetrust.org.uk\/wp-content\/uploads\/2024\/11\/PXL_20220617_174655943-1024x576.jpg 1024w, https:\/\/www.tireetrust.org.uk\/wp-content\/uploads\/2024\/11\/PXL_20220617_174655943-768x432.jpg 768w, https:\/\/www.tireetrust.org.uk\/wp-content\/uploads\/2024\/11\/PXL_20220617_174655943-1536x864.jpg 1536w, https:\/\/www.tireetrust.org.uk\/wp-content\/uploads\/2024\/11\/PXL_20220617_174655943-18x10.jpg 18w, https:\/\/www.tireetrust.org.uk\/wp-content\/uploads\/2024\/11\/PXL_20220617_174655943-50x28.jpg 50w, https:\/\/www.tireetrust.org.uk\/wp-content\/uploads\/2024\/11\/PXL_20220617_174655943-1600x900.jpg 1600w\" sizes=\"auto, (max-width: 2032px) 100vw, 2032px\" \/><\/a><\/figure>\n\n<h3 class=\"wp-block-post-title\"><a href=\"https:\/\/www.tireetrust.org.uk\/gd\/tiree-vet-practice-update\/\" target=\"_self\" >Nov 24: Vet Practice Update<\/a><\/h3>\n\n\n<div class=\"eplus-wrapper wp-block-group is-nowrap is-layout-flex wp-container-core-group-is-layout-6c531013 wp-block-group-is-layout-flex\"><div class=\"wp-block-post-date has-small-font-size\"><time datetime=\"2024-11-18T18:54:17+00:00\">18 An t-Samhain 2024<\/time><\/div><\/div>\n\n\n<div class=\"has-link-color  wp-elements-d6a5ce6fc3e1a01cbb24b3473c62ef37 wp-block-post-excerpt\"><p class=\"wp-block-post-excerpt__excerpt\">Some of you will know that the Trust has put together a vet practice working group to tackle some of the challenges around recruiting a&hellip;<\/p><p class=\"wp-block-post-excerpt__more-text\"><a class=\"wp-block-post-excerpt__more-link\" href=\"https:\/\/www.tireetrust.org.uk\/gd\/tiree-vet-practice-update\/\">Leugh tuilleadh -&gt;<\/a><\/p><\/div><\/div>\n\n<\/li><li class=\"wp-block-post post-13080 post type-post status-publish format-standard has-post-thumbnail hentry category-general category-crofting-projects tag-home\">\n\n<div class=\"eplus-wrapper wp-block-group is-layout-constrained wp-container-core-group-is-layout-a151063b wp-block-group-is-layout-constrained\" style=\"border-top-color:var(--wp--preset--color--ti-accent);border-top-width:5px;border-right-style:none;border-right-width:0px;border-bottom-style:none;border-bottom-width:0px;border-left-style:none;border-left-width:0px;padding-top:var(--wp--preset--spacing--50);padding-right:var(--wp--preset--spacing--40);padding-bottom:var(--wp--preset--spacing--50);padding-left:var(--wp--preset--spacing--40)\"><figure style=\"aspect-ratio:1;height:250px;\" class=\"wp-block-post-featured-image\"><a href=\"https:\/\/www.tireetrust.org.uk\/gd\/new-crofting-support-scheme\/\" target=\"_self\"  style=\"height:250px\"><img loading=\"lazy\" decoding=\"async\" width=\"1032\" height=\"581\" src=\"https:\/\/www.tireetrust.org.uk\/wp-content\/uploads\/2024\/09\/PXL_20240415_165928669.jpg\" class=\"attachment-post-thumbnail size-post-thumbnail wp-post-image\" alt=\"New Crofting Support Scheme\" style=\"width:100%;height:100%;object-fit:cover;\" srcset=\"https:\/\/www.tireetrust.org.uk\/wp-content\/uploads\/2024\/09\/PXL_20240415_165928669.jpg 1032w, https:\/\/www.tireetrust.org.uk\/wp-content\/uploads\/2024\/09\/PXL_20240415_165928669-300x169.jpg 300w, https:\/\/www.tireetrust.org.uk\/wp-content\/uploads\/2024\/09\/PXL_20240415_165928669-1024x576.jpg 1024w, https:\/\/www.tireetrust.org.uk\/wp-content\/uploads\/2024\/09\/PXL_20240415_165928669-768x432.jpg 768w, https:\/\/www.tireetrust.org.uk\/wp-content\/uploads\/2024\/09\/PXL_20240415_165928669-18x10.jpg 18w, https:\/\/www.tireetrust.org.uk\/wp-content\/uploads\/2024\/09\/PXL_20240415_165928669-50x28.jpg 50w\" sizes=\"auto, (max-width: 1032px) 100vw, 1032px\" \/><\/a><\/figure>\n\n<h3 class=\"wp-block-post-title\"><a href=\"https:\/\/www.tireetrust.org.uk\/gd\/new-crofting-support-scheme\/\" target=\"_self\" >Sgeama Taic \u00d9r do Chroitearachd<\/a><\/h3>\n\n\n<div class=\"eplus-wrapper wp-block-group is-nowrap is-layout-flex wp-container-core-group-is-layout-6c531013 wp-block-group-is-layout-flex\"><div class=\"wp-block-post-date has-small-font-size\"><time datetime=\"2024-10-03T14:39:52+01:00\">3 An D\u00e0mhair 2024<\/time><\/div><\/div>\n\n\n<div class=\"has-link-color  wp-elements-d6a5ce6fc3e1a01cbb24b3473c62ef37 wp-block-post-excerpt\"><p class=\"wp-block-post-excerpt__excerpt\">Tha sinn air ar d\u00f2igh innse dhuibh gu bheil sinn a' fosgladh d\u00e0 sgeama \u00f9r gus taic a thoirt do Chroitearan ann an Tiriodh! Tha na sgeamaichean seo a-nis fosgailte airson iarrtasan.<\/p><p class=\"wp-block-post-excerpt__more-text\"><a class=\"wp-block-post-excerpt__more-link\" href=\"https:\/\/www.tireetrust.org.uk\/gd\/new-crofting-support-scheme\/\">Leugh tuilleadh -&gt;<\/a><\/p><\/div><\/div>\n\n<\/li><\/ul>\n\n\n<div class=\"eplus-wrapper wp-block-buttons is-content-justification-center is-layout-flex wp-container-core-buttons-is-layout-a89b3969 wp-block-buttons-is-layout-flex\"><div class=\"eplus-wrapper wp-block-button eplus-styles-uid-24b060\"><a class=\"wp-block-button__link has-ti-bg-color has-text-color has-link-color has-normal-font-size has-custom-font-size wp-element-button\" href=\"https:\/\/www.tireetrust.org.uk\/gd\/news\/\">Barrachd naidheachdan<\/a><\/div><\/div>\n<\/div>\n<\/div>","protected":false},"excerpt":{"rendered":"<p>We have two schemes designed to support Crofters in Tiree! These schemes are open to applications all year round. CAGS Support Fund Open for applications The goal of this fund is to provide financial assistance for crofters needing consultant support to access CAGS funding. The fund will pay for a local consultant to complete your [\u2026]<\/p>","protected":false},"author":2,"featured_media":12416,"parent":0,"menu_order":0,"comment_status":"closed","ping_status":"closed","template":"","meta":{"_editorskit_title_hidden":false,"_editorskit_reading_time":0,"_editorskit_is_block_options_detached":false,"_editorskit_block_options_position":"{}","editor_plus_copied_stylings":"{}","jetpack_post_was_ever_published":false,"footnotes":""},"class_list":["post-12451","page","type-page","status-publish","has-post-thumbnail","hentry"],"jetpack_shortlink":"https:\/\/wp.me\/PfVRvl-3eP","jetpack_sharing_enabled":true,"_links":{"self":[{"href":"https:\/\/www.tireetrust.org.uk\/gd\/wp-json\/wp\/v2\/pages\/12451","targetHints":{"allow":["GET"]}}],"collection":[{"href":"https:\/\/www.tireetrust.org.uk\/gd\/wp-json\/wp\/v2\/pages"}],"about":[{"href":"https:\/\/www.tireetrust.org.uk\/gd\/wp-json\/wp\/v2\/types\/page"}],"author":[{"embeddable":true,"href":"https:\/\/www.tireetrust.org.uk\/gd\/wp-json\/wp\/v2\/users\/2"}],"replies":[{"embeddable":true,"href":"https:\/\/www.tireetrust.org.uk\/gd\/wp-json\/wp\/v2\/comments?post=12451"}],"version-history":[{"count":13,"href":"https:\/\/www.tireetrust.org.uk\/gd\/wp-json\/wp\/v2\/pages\/12451\/revisions"}],"predecessor-version":[{"id":13503,"href":"https:\/\/www.tireetrust.org.uk\/gd\/wp-json\/wp\/v2\/pages\/12451\/revisions\/13503"}],"wp:featuredmedia":[{"embeddable":true,"href":"https:\/\/www.tireetrust.org.uk\/gd\/wp-json\/wp\/v2\/media\/12416"}],"wp:attachment":[{"href":"https:\/\/www.tireetrust.org.uk\/gd\/wp-json\/wp\/v2\/media?parent=12451"}],"curies":[{"name":"wp","href":"https:\/\/api.w.org\/{rel}","templated":true}]}}